{"id":9367,"date":"2025-09-30T08:29:10","date_gmt":"2025-09-30T08:29:10","guid":{"rendered":"https:\/\/edgi.studio\/?page_id=9367"},"modified":"2025-10-22T19:46:30","modified_gmt":"2025-10-22T19:46:30","slug":"the-agency","status":"publish","type":"page","link":"https:\/\/edgi.studio\/en\/who-we-are\/the-agency\/","title":{"rendered":"The agency"},"content":{"rendered":"<div data-elementor-type=\"wp-page\" data-elementor-id=\"9367\" class=\"elementor elementor-9367\" data-elementor-post-type=\"page\">\n\t\t\t\t<div class=\"elementor-element elementor-element-419b3db e-flex e-con-boxed e-con e-parent\" data-id=\"419b3db\" data-element_type=\"container\" data-settings=\"{&quot;background_background&quot;:&quot;classic&quot;}\">\n\t\t\t\t\t<div class=\"e-con-inner\">\n\t\t<div class=\"elementor-element elementor-element-41b77c9 e-con-full service-blurb white-nav e-flex e-con e-child\" data-id=\"41b77c9\" data-element_type=\"container\" data-settings=\"{&quot;background_background&quot;:&quot;classic&quot;}\">\n\t\t\t\t<div class=\"elementor-element elementor-element-62c2e4c radius-anim elementor-widget elementor-widget-image\" data-id=\"62c2e4c\" data-element_type=\"widget\" data-widget_type=\"image.default\">\n\t\t\t\t<div class=\"elementor-widget-container\">\n\t\t\t\t\t\t\t\t\t\t\t\t\t\t\t<img decoding=\"async\" src=\"https:\/\/edgi.studio\/wp-content\/uploads\/proxy-2.jpg\" title=\"proxy\" alt=\"proxy\" loading=\"lazy\" \/>\t\t\t\t\t\t\t\t\t\t\t\t\t\t\t<\/div>\n\t\t\t\t<\/div>\n\t\t<div class=\"elementor-element elementor-element-f09519a e-con-full e-flex e-con e-child\" data-id=\"f09519a\" data-element_type=\"container\">\n\t\t\t\t<div class=\"elementor-element elementor-element-52773f8 elementor-widget elementor-widget-heading\" data-id=\"52773f8\" data-element_type=\"widget\" data-widget_type=\"heading.default\">\n\t\t\t\t<div class=\"elementor-widget-container\">\n\t\t\t\t\t<h2 class=\"elementor-heading-title elementor-size-default\">Proximity as a method<\/h2>\t\t\t\t<\/div>\n\t\t\t\t<\/div>\n\t\t<div class=\"elementor-element elementor-element-695c5b9 e-con-full e-flex e-con e-child\" data-id=\"695c5b9\" data-element_type=\"container\">\n\t\t\t\t<div class=\"elementor-element elementor-element-c49973f elementor-widget elementor-widget-text-editor\" data-id=\"c49973f\" data-element_type=\"widget\" data-widget_type=\"text-editor.default\">\n\t\t\t\t<div class=\"elementor-widget-container\">\n\t\t\t\t\t\t\t\t\t<p>Edgi is an agency on a human scale, designed to be local, fluid and responsive.<br data-start=\"910\" data-end=\"913\">Our lean organisation and short decision-making processes mean that we can provide attentive, hands-on support, based on honesty and trust.<br><br data-start=\"1063\" data-end=\"1066\">This proximity ensures the relevance of our responses and the effectiveness of our collaboration.<\/p>\t\t\t\t\t\t\t\t<\/div>\n\t\t\t\t<\/div>\n\t\t\t\t<div class=\"elementor-element elementor-element-e6ae589 elementor-align-right arrow-btn elementor-widget elementor-widget-button\" data-id=\"e6ae589\" data-element_type=\"widget\" data-widget_type=\"button.default\">\n\t\t\t\t<div class=\"elementor-widget-container\">\n\t\t\t\t\t\t\t\t\t<div class=\"elementor-button-wrapper\">\n\t\t\t\t\t<a class=\"elementor-button elementor-button-link elementor-size-sm\" href=\"https:\/\/edgi.studio\/en\/contact-us\/\" target=\"_blank\">\n\t\t\t\t\t\t<span class=\"elementor-button-content-wrapper\">\n\t\t\t\t\t\t\t\t\t<span class=\"elementor-button-text\">Tell us about yourself<\/span>\n\t\t\t\t\t<\/span>\n\t\t\t\t\t<\/a>\n\t\t\t\t<\/div>\n\t\t\t\t\t\t\t\t<\/div>\n\t\t\t\t<\/div>\n\t\t\t\t<\/div>\n\t\t\t\t<\/div>\n\t\t\t\t<\/div>\n\t\t<div class=\"elementor-element elementor-element-db778ff e-con-full service-blurb white-nav e-flex e-con e-child\" data-id=\"db778ff\" data-element_type=\"container\" data-settings=\"{&quot;background_background&quot;:&quot;classic&quot;}\">\n\t\t\t\t<div class=\"elementor-element elementor-element-1a2cc44 radius-anim reverse elementor-widget elementor-widget-image\" data-id=\"1a2cc44\" data-element_type=\"widget\" data-widget_type=\"image.default\">\n\t\t\t\t<div class=\"elementor-widget-container\">\n\t\t\t\t\t\t\t\t\t\t\t\t\t\t\t<img decoding=\"async\" src=\"https:\/\/edgi.studio\/wp-content\/uploads\/Agency2.jpg\" title=\"Agency2\" alt=\"Agency2\" loading=\"lazy\" \/>\t\t\t\t\t\t\t\t\t\t\t\t\t\t\t<\/div>\n\t\t\t\t<\/div>\n\t\t<div class=\"elementor-element elementor-element-e466ce4 e-con-full e-flex e-con e-child\" data-id=\"e466ce4\" data-element_type=\"container\">\n\t\t\t\t<div class=\"elementor-element elementor-element-f6ac421 elementor-widget elementor-widget-heading\" data-id=\"f6ac421\" data-element_type=\"widget\" data-widget_type=\"heading.default\">\n\t\t\t\t<div class=\"elementor-widget-container\">\n\t\t\t\t\t<h2 class=\"elementor-heading-title elementor-size-default\">Experts in meaning and form<\/h2>\t\t\t\t<\/div>\n\t\t\t\t<\/div>\n\t\t<div class=\"elementor-element elementor-element-f3879fc e-con-full e-flex e-con e-child\" data-id=\"f3879fc\" data-element_type=\"container\">\n\t\t\t\t<div class=\"elementor-element elementor-element-ebf31fd elementor-widget elementor-widget-text-editor\" data-id=\"ebf31fd\" data-element_type=\"widget\" data-widget_type=\"text-editor.default\">\n\t\t\t\t<div class=\"elementor-widget-container\">\n\t\t\t\t\t\t\t\t\t<p>At Edgi, each project is steered by senior profiles from the various facets of communications.<br data-start=\"1657\" data-end=\"1660\" \/><br \/>This experience allows us to approach each subject from a distance and in an agnostic way, without preconceived ideas or recipes, so that we can help you articulate your business challenges and creative ambitions.<br data-start=\"1818\" data-end=\"1821\" \/><br \/>We believe that the value of an idea lies above all in the ability to put it into practice. We put together tight, committed project teams to get the job done quickly and well.<\/p>\t\t\t\t\t\t\t\t<\/div>\n\t\t\t\t<\/div>\n\t\t\t\t<\/div>\n\t\t\t\t<\/div>\n\t\t\t\t<\/div>\n\t\t\t\t\t<\/div>\n\t\t\t\t<\/div>\n\t\t<div class=\"elementor-element elementor-element-c61ead5 e-flex e-con-boxed e-con e-parent\" data-id=\"c61ead5\" data-element_type=\"container\" data-settings=\"{&quot;background_background&quot;:&quot;classic&quot;}\">\n\t\t\t\t\t<div class=\"e-con-inner\">\n\t\t<div class=\"elementor-element elementor-element-135808d e-con-full expertise-blurb white-nav e-flex e-con e-child\" data-id=\"135808d\" data-element_type=\"container\">\n\t\t\t\t<div class=\"elementor-element elementor-element-09a3dbb elementor-widget__width-initial elementor-widget elementor-widget-image\" data-id=\"09a3dbb\" data-element_type=\"widget\" data-widget_type=\"image.default\">\n\t\t\t\t<div class=\"elementor-widget-container\">\n\t\t\t\t\t\t\t\t\t\t\t\t<figure class=\"wp-caption\">\n\t\t\t\t\t\t\t\t\t\t<img decoding=\"async\" src=\"https:\/\/edgi.studio\/wp-content\/uploads\/hive.jpg\" title=\"hive\" alt=\"hive\" loading=\"lazy\" \/>\t\t\t\t\t\t\t\t\t\t\t<figcaption class=\"widget-image-caption wp-caption-text\"><\/figcaption>\n\t\t\t\t\t\t\t\t\t\t<\/figure>\n\t\t\t\t\t\t\t\t\t<\/div>\n\t\t\t\t<\/div>\n\t\t<div class=\"elementor-element elementor-element-041d6e3 e-con-full e-flex e-con e-child\" data-id=\"041d6e3\" data-element_type=\"container\" data-settings=\"{&quot;background_background&quot;:&quot;classic&quot;}\">\n\t\t\t\t<div class=\"elementor-element elementor-element-516b6cb elementor-widget elementor-widget-heading\" data-id=\"516b6cb\" data-element_type=\"widget\" data-widget_type=\"heading.default\">\n\t\t\t\t<div class=\"elementor-widget-container\">\n\t\t\t\t\t<h2 class=\"elementor-heading-title elementor-size-default\">An open ecosystem<\/h2>\t\t\t\t<\/div>\n\t\t\t\t<\/div>\n\t\t\t\t<div class=\"elementor-element elementor-element-0af1a0b elementor-widget elementor-widget-text-editor\" data-id=\"0af1a0b\" data-element_type=\"widget\" data-widget_type=\"text-editor.default\">\n\t\t\t\t<div class=\"elementor-widget-container\">\n\t\t\t\t\t\t\t\t\t<p>Around the core of the agency, Edgi relies on a solid network of selected partners: creatives, directors, designers, editors, producers, media experts, etc.<\/p><p>A modular structure that allows us to put together the right team for each project, depending on the subject and the challenge. And always with the same fluidity.<\/p>\t\t\t\t\t\t\t\t<\/div>\n\t\t\t\t<\/div>\n\t\t\t\t<div class=\"elementor-element elementor-element-2230f0f elementor-align-right arrow-btn elementor-widget elementor-widget-button\" data-id=\"2230f0f\" data-element_type=\"widget\" data-widget_type=\"button.default\">\n\t\t\t\t<div class=\"elementor-widget-container\">\n\t\t\t\t\t\t\t\t\t<div class=\"elementor-button-wrapper\">\n\t\t\t\t\t<a class=\"elementor-button elementor-button-link elementor-size-sm\" href=\"https:\/\/edgi.studio\/en\/contact-us\/\">\n\t\t\t\t\t\t<span class=\"elementor-button-content-wrapper\">\n\t\t\t\t\t\t\t\t\t<span class=\"elementor-button-text\">Let's go!<\/span>\n\t\t\t\t\t<\/span>\n\t\t\t\t\t<\/a>\n\t\t\t\t<\/div>\n\t\t\t\t\t\t\t\t<\/div>\n\t\t\t\t<\/div>\n\t\t\t\t<\/div>\n\t\t\t\t<\/div>\n\t\t\t\t\t<\/div>\n\t\t\t\t<\/div>\n\t\t\t\t<\/div>","protected":false},"excerpt":{"rendered":"<p>La proximit\u00e9 pour m\u00e9thode Edgi est une agence \u00e0 taille humaine, pens\u00e9e pour la proximit\u00e9, la fluidit\u00e9 et la r\u00e9activit\u00e9.Notre organisation l\u00e9g\u00e8re et nos circuits de d\u00e9cision courts permettent un accompagnement attentif et pr\u00e9sent, fond\u00e9 sur le parler vrai et la confiance.Cette proximit\u00e9 nourrit la pertinence de nos r\u00e9ponses et l&rsquo;efficacit\u00e9 de la collaboration. Parlez-nous [&hellip;]<\/p>","protected":false},"author":4,"featured_media":0,"parent":4242,"menu_order":0,"comment_status":"closed","ping_status":"closed","template":"","meta":{"_acf_changed":false,"footnotes":""},"class_list":["post-9367","page","type-page","status-publish","hentry"],"acf":[],"yoast_head":"<!-- This site is optimized with the Yoast SEO plugin v26.5 - https:\/\/yoast.com\/wordpress\/plugins\/seo\/ -->\n<title>Un collectif d\u2019experts depuis 1991 - Exhibit Group<\/title>\n<meta name=\"description\" content=\"Depuis 1991, Exhibit Group r\u00e9unit talents cr\u00e9atifs et savoir-faire industriel pour donner vie aux marques \u00e0 travers des solutions sur-mesure &amp; durables.\" \/>\n<meta name=\"robots\" content=\"noindex, follow, max-snippet:-1, max-image-preview:large, max-video-preview:-1\" \/>\n<meta property=\"og:locale\" content=\"en_GB\" \/>\n<meta property=\"og:type\" content=\"article\" \/>\n<meta property=\"og:title\" content=\"Un collectif d\u2019experts depuis 1991 - Exhibit Group\" \/>\n<meta property=\"og:description\" content=\"Depuis 1991, Exhibit Group r\u00e9unit talents cr\u00e9atifs et savoir-faire industriel pour donner vie aux marques \u00e0 travers des solutions sur-mesure &amp; durables.\" \/>\n<meta property=\"og:url\" content=\"https:\/\/edgi.studio\/en\/who-we-are\/the-agency\/\" \/>\n<meta property=\"og:site_name\" content=\"edgi\" \/>\n<meta property=\"article:publisher\" content=\"https:\/\/www.facebook.com\/ExhibitGroup.fr\/\" \/>\n<meta property=\"article:modified_time\" content=\"2025-10-22T19:46:30+00:00\" \/>\n<meta property=\"og:image\" content=\"https:\/\/edgi.studio\/wp-content\/uploads\/proxy-2.jpg\" \/>\n\t<meta property=\"og:image:width\" content=\"1000\" \/>\n\t<meta property=\"og:image:height\" content=\"1000\" \/>\n\t<meta property=\"og:image:type\" content=\"image\/jpeg\" \/>\n<meta name=\"twitter:card\" content=\"summary_large_image\" \/>\n<meta name=\"twitter:label1\" content=\"Estimated reading time\" \/>\n\t<meta name=\"twitter:data1\" content=\"2 minutes\" \/>\n<script type=\"application\/ld+json\" class=\"yoast-schema-graph\">{\"@context\":\"https:\/\/schema.org\",\"@graph\":[{\"@type\":\"WebPage\",\"@id\":\"https:\/\/edgi.studio\/qui-sommes-nous\/lagence\/\",\"url\":\"https:\/\/edgi.studio\/qui-sommes-nous\/lagence\/\",\"name\":\"Un collectif d\u2019experts depuis 1991 - Exhibit Group\",\"isPartOf\":{\"@id\":\"https:\/\/edgi.studio\/#website\"},\"primaryImageOfPage\":{\"@id\":\"https:\/\/edgi.studio\/qui-sommes-nous\/lagence\/#primaryimage\"},\"image\":{\"@id\":\"https:\/\/edgi.studio\/qui-sommes-nous\/lagence\/#primaryimage\"},\"thumbnailUrl\":\"https:\/\/edgi.studio\/wp-content\/uploads\/proxy-2.jpg\",\"datePublished\":\"2025-09-30T08:29:10+00:00\",\"dateModified\":\"2025-10-22T19:46:30+00:00\",\"description\":\"Depuis 1991, Exhibit Group r\u00e9unit talents cr\u00e9atifs et savoir-faire industriel pour donner vie aux marques \u00e0 travers des solutions sur-mesure & durables.\",\"breadcrumb\":{\"@id\":\"https:\/\/edgi.studio\/qui-sommes-nous\/lagence\/#breadcrumb\"},\"inLanguage\":\"en-GB\",\"potentialAction\":[{\"@type\":\"ReadAction\",\"target\":[\"https:\/\/edgi.studio\/qui-sommes-nous\/lagence\/\"]}]},{\"@type\":\"ImageObject\",\"inLanguage\":\"en-GB\",\"@id\":\"https:\/\/edgi.studio\/qui-sommes-nous\/lagence\/#primaryimage\",\"url\":\"https:\/\/edgi.studio\/wp-content\/uploads\/proxy-2.jpg\",\"contentUrl\":\"https:\/\/edgi.studio\/wp-content\/uploads\/proxy-2.jpg\"},{\"@type\":\"BreadcrumbList\",\"@id\":\"https:\/\/edgi.studio\/qui-sommes-nous\/lagence\/#breadcrumb\",\"itemListElement\":[{\"@type\":\"ListItem\",\"position\":1,\"name\":\"Home\",\"item\":\"https:\/\/edgi.studio\/\"},{\"@type\":\"ListItem\",\"position\":2,\"name\":\"Qui sommes-nous ?\",\"item\":\"https:\/\/edgi.studio\/qui-sommes-nous\/\"},{\"@type\":\"ListItem\",\"position\":3,\"name\":\"L&rsquo;agence\"}]},{\"@type\":\"WebSite\",\"@id\":\"https:\/\/edgi.studio\/#website\",\"url\":\"https:\/\/edgi.studio\/\",\"name\":\"EG Print\",\"description\":\"\",\"publisher\":{\"@id\":\"https:\/\/edgi.studio\/#organization\"},\"potentialAction\":[{\"@type\":\"SearchAction\",\"target\":{\"@type\":\"EntryPoint\",\"urlTemplate\":\"https:\/\/edgi.studio\/?s={search_term_string}\"},\"query-input\":{\"@type\":\"PropertyValueSpecification\",\"valueRequired\":true,\"valueName\":\"search_term_string\"}}],\"inLanguage\":\"en-GB\"},{\"@type\":\"Organization\",\"@id\":\"https:\/\/edgi.studio\/#organization\",\"name\":\"Exhibit Group\",\"url\":\"https:\/\/edgi.studio\/\",\"logo\":{\"@type\":\"ImageObject\",\"inLanguage\":\"en-GB\",\"@id\":\"https:\/\/edgi.studio\/#\/schema\/logo\/image\/\",\"url\":\"https:\/\/edgi.studio\/wp-content\/uploads\/EXHIBIT_GROUP_LOGOTYPE_RVB-scaled.jpg\",\"contentUrl\":\"https:\/\/edgi.studio\/wp-content\/uploads\/EXHIBIT_GROUP_LOGOTYPE_RVB-scaled.jpg\",\"width\":2560,\"height\":728,\"caption\":\"Exhibit Group\"},\"image\":{\"@id\":\"https:\/\/edgi.studio\/#\/schema\/logo\/image\/\"},\"sameAs\":[\"https:\/\/www.facebook.com\/ExhibitGroup.fr\/\",\"https:\/\/www.instagram.com\/exhibitgroup\/\",\"https:\/\/fr.linkedin.com\/company\/exhibit-group_2\"]}]}<\/script>\n<!-- \/ Yoast SEO plugin. -->","yoast_head_json":{"title":"A team of experts since 1991 - Exhibit Group","description":"Since 1991, Exhibit Group has brought together creative talent and industrial know-how to bring brands to life through tailor-made, sustainable solutions.","robots":{"index":"noindex","follow":"follow","max-snippet":"max-snippet:-1","max-image-preview":"max-image-preview:large","max-video-preview":"max-video-preview:-1"},"og_locale":"en_GB","og_type":"article","og_title":"Un collectif d\u2019experts depuis 1991 - Exhibit Group","og_description":"Depuis 1991, Exhibit Group r\u00e9unit talents cr\u00e9atifs et savoir-faire industriel pour donner vie aux marques \u00e0 travers des solutions sur-mesure & durables.","og_url":"https:\/\/edgi.studio\/en\/who-we-are\/the-agency\/","og_site_name":"edgi","article_publisher":"https:\/\/www.facebook.com\/ExhibitGroup.fr\/","article_modified_time":"2025-10-22T19:46:30+00:00","og_image":[{"width":1000,"height":1000,"url":"https:\/\/edgi.studio\/wp-content\/uploads\/proxy-2.jpg","type":"image\/jpeg"}],"twitter_card":"summary_large_image","twitter_misc":{"Estimated reading time":"2 minutes"},"schema":{"@context":"https:\/\/schema.org","@graph":[{"@type":"WebPage","@id":"https:\/\/edgi.studio\/qui-sommes-nous\/lagence\/","url":"https:\/\/edgi.studio\/qui-sommes-nous\/lagence\/","name":"A team of experts since 1991 - Exhibit Group","isPartOf":{"@id":"https:\/\/edgi.studio\/#website"},"primaryImageOfPage":{"@id":"https:\/\/edgi.studio\/qui-sommes-nous\/lagence\/#primaryimage"},"image":{"@id":"https:\/\/edgi.studio\/qui-sommes-nous\/lagence\/#primaryimage"},"thumbnailUrl":"https:\/\/edgi.studio\/wp-content\/uploads\/proxy-2.jpg","datePublished":"2025-09-30T08:29:10+00:00","dateModified":"2025-10-22T19:46:30+00:00","description":"Since 1991, Exhibit Group has brought together creative talent and industrial know-how to bring brands to life through tailor-made, sustainable solutions.","breadcrumb":{"@id":"https:\/\/edgi.studio\/qui-sommes-nous\/lagence\/#breadcrumb"},"inLanguage":"en-GB","potentialAction":[{"@type":"ReadAction","target":["https:\/\/edgi.studio\/qui-sommes-nous\/lagence\/"]}]},{"@type":"ImageObject","inLanguage":"en-GB","@id":"https:\/\/edgi.studio\/qui-sommes-nous\/lagence\/#primaryimage","url":"https:\/\/edgi.studio\/wp-content\/uploads\/proxy-2.jpg","contentUrl":"https:\/\/edgi.studio\/wp-content\/uploads\/proxy-2.jpg"},{"@type":"BreadcrumbList","@id":"https:\/\/edgi.studio\/qui-sommes-nous\/lagence\/#breadcrumb","itemListElement":[{"@type":"ListItem","position":1,"name":"Home","item":"https:\/\/edgi.studio\/"},{"@type":"ListItem","position":2,"name":"Qui sommes-nous ?","item":"https:\/\/edgi.studio\/qui-sommes-nous\/"},{"@type":"ListItem","position":3,"name":"L&rsquo;agence"}]},{"@type":"WebSite","@id":"https:\/\/edgi.studio\/#website","url":"https:\/\/edgi.studio\/","name":"EG Print","description":"","publisher":{"@id":"https:\/\/edgi.studio\/#organization"},"potentialAction":[{"@type":"SearchAction","target":{"@type":"EntryPoint","urlTemplate":"https:\/\/edgi.studio\/?s={search_term_string}"},"query-input":{"@type":"PropertyValueSpecification","valueRequired":true,"valueName":"search_term_string"}}],"inLanguage":"en-GB"},{"@type":"Organization","@id":"https:\/\/edgi.studio\/#organization","name":"Exhibit Group","url":"https:\/\/edgi.studio\/","logo":{"@type":"ImageObject","inLanguage":"en-GB","@id":"https:\/\/edgi.studio\/#\/schema\/logo\/image\/","url":"https:\/\/edgi.studio\/wp-content\/uploads\/EXHIBIT_GROUP_LOGOTYPE_RVB-scaled.jpg","contentUrl":"https:\/\/edgi.studio\/wp-content\/uploads\/EXHIBIT_GROUP_LOGOTYPE_RVB-scaled.jpg","width":2560,"height":728,"caption":"Exhibit Group"},"image":{"@id":"https:\/\/edgi.studio\/#\/schema\/logo\/image\/"},"sameAs":["https:\/\/www.facebook.com\/ExhibitGroup.fr\/","https:\/\/www.instagram.com\/exhibitgroup\/","https:\/\/fr.linkedin.com\/company\/exhibit-group_2"]}]}},"_links":{"self":[{"href":"https:\/\/edgi.studio\/en\/wp-json\/wp\/v2\/pages\/9367","targetHints":{"allow":["GET"]}}],"collection":[{"href":"https:\/\/edgi.studio\/en\/wp-json\/wp\/v2\/pages"}],"about":[{"href":"https:\/\/edgi.studio\/en\/wp-json\/wp\/v2\/types\/page"}],"author":[{"embeddable":true,"href":"https:\/\/edgi.studio\/en\/wp-json\/wp\/v2\/users\/4"}],"replies":[{"embeddable":true,"href":"https:\/\/edgi.studio\/en\/wp-json\/wp\/v2\/comments?post=9367"}],"version-history":[{"count":0,"href":"https:\/\/edgi.studio\/en\/wp-json\/wp\/v2\/pages\/9367\/revisions"}],"up":[{"embeddable":true,"href":"https:\/\/edgi.studio\/en\/wp-json\/wp\/v2\/pages\/4242"}],"wp:attachment":[{"href":"https:\/\/edgi.studio\/en\/wp-json\/wp\/v2\/media?parent=9367"}],"curies":[{"name":"wp","href":"https:\/\/api.w.org\/{rel}","templated":true}]}}