{"id":120,"date":"2025-04-09T19:58:09","date_gmt":"2025-04-09T19:58:09","guid":{"rendered":"https:\/\/edgi.studio\/?page_id=120"},"modified":"2025-10-23T13:40:57","modified_gmt":"2025-10-23T13:40:57","slug":"contact-us","status":"publish","type":"page","link":"https:\/\/edgi.studio\/en\/contact-us\/","title":{"rendered":"Contact us"},"content":{"rendered":"<div data-elementor-type=\"wp-page\" data-elementor-id=\"120\" class=\"elementor elementor-120\" data-elementor-post-type=\"page\">\n\t\t\t\t<div class=\"elementor-element elementor-element-c2ec9a7 e-flex e-con-boxed e-con e-parent\" data-id=\"c2ec9a7\" data-element_type=\"container\" data-settings=\"{&quot;background_background&quot;:&quot;classic&quot;}\">\n\t\t\t\t\t<div class=\"e-con-inner\">\n\t\t\t\t<div class=\"elementor-element elementor-element-6b28abc elementor-widget elementor-widget-breadcrumbs\" data-id=\"6b28abc\" data-element_type=\"widget\" data-widget_type=\"breadcrumbs.default\">\n\t\t\t\t<div class=\"elementor-widget-container\">\n\t\t\t\t\t<p id=\"breadcrumbs\"><span><span><a href=\"https:\/\/edgi.studio\/en\/\">Home<\/a><\/span><\/span><\/p>\t\t\t\t<\/div>\n\t\t\t\t<\/div>\n\t\t\t\t\t<\/div>\n\t\t\t\t<\/div>\n\t\t<div class=\"elementor-element elementor-element-ca48fa1 overlapped e-flex e-con-boxed e-con e-parent\" data-id=\"ca48fa1\" data-element_type=\"container\" data-settings=\"{&quot;background_background&quot;:&quot;classic&quot;}\">\n\t\t\t\t\t<div class=\"e-con-inner\">\n\t\t\t\t<div class=\"elementor-element elementor-element-09c10d4 page-big-title elementor-widget elementor-widget-heading\" data-id=\"09c10d4\" data-element_type=\"widget\" data-widget_type=\"heading.default\">\n\t\t\t\t<div class=\"elementor-widget-container\">\n\t\t\t\t\t<div class=\"elementor-heading-title elementor-size-default\">Let's talk<\/div>\t\t\t\t<\/div>\n\t\t\t\t<\/div>\n\t\t<div class=\"elementor-element elementor-element-67d5c14 e-grid e-con-full sprite-container e-con e-child\" data-id=\"67d5c14\" data-element_type=\"container\" data-settings=\"{&quot;background_background&quot;:&quot;classic&quot;}\">\n\t\t<div class=\"elementor-element elementor-element-c94b64e e-con-full e-flex e-con e-child\" data-id=\"c94b64e\" data-element_type=\"container\">\n\t\t<div class=\"elementor-element elementor-element-ea50b06 e-con-full e-flex e-con e-child\" data-id=\"ea50b06\" data-element_type=\"container\" data-settings=\"{&quot;sticky&quot;:&quot;top&quot;,&quot;sticky_on&quot;:[&quot;desktop&quot;],&quot;sticky_offset&quot;:120,&quot;sticky_parent&quot;:&quot;yes&quot;,&quot;sticky_effects_offset&quot;:0,&quot;sticky_anchor_link_offset&quot;:0}\">\n\t\t\t\t<div class=\"elementor-element elementor-element-546d3d7 elementor-widget elementor-widget-heading\" data-id=\"546d3d7\" data-element_type=\"widget\" data-widget_type=\"heading.default\">\n\t\t\t\t<div class=\"elementor-widget-container\">\n\t\t\t\t\t<h2 class=\"elementor-heading-title elementor-size-default\">Get in touch with us!<\/h2>\t\t\t\t<\/div>\n\t\t\t\t<\/div>\n\t\t\t\t<div class=\"elementor-element elementor-element-d96a51f elementor-widget elementor-widget-text-editor\" data-id=\"d96a51f\" data-element_type=\"widget\" data-widget_type=\"text-editor.default\">\n\t\t\t\t<div class=\"elementor-widget-container\">\n\t\t\t\t\t\t\t\t\t<p>66 rue de Saint-Denis<br \/>93400 Sant-Ouen<br \/>France<\/p><p><a title=\"mailto:lionel.riley@exhibitgroup.fr\" href=\"mailto:lionel.riley@exhibitgroup.fr\" target=\"_blank\" rel=\"noopener\">lionel.riley@exhibitgroup.fr<\/a><\/p>\t\t\t\t\t\t\t\t<\/div>\n\t\t\t\t<\/div>\n\t\t\t\t<div class=\"elementor-element elementor-element-faba34a elementor-shape-circle e-grid-align-right elementor-grid-tablet-0 elementor-widget-tablet__width-inherit e-grid-align-tablet-left elementor-grid-0 elementor-widget elementor-widget-social-icons\" data-id=\"faba34a\" data-element_type=\"widget\" data-widget_type=\"social-icons.default\">\n\t\t\t\t<div class=\"elementor-widget-container\">\n\t\t\t\t\t\t\t<div class=\"elementor-social-icons-wrapper elementor-grid\" role=\"list\">\n\t\t\t\t\t\t\t<span class=\"elementor-grid-item\" role=\"listitem\">\n\t\t\t\t\t<a class=\"elementor-icon elementor-social-icon elementor-social-icon- elementor-repeater-item-fa50c5b\" href=\"https:\/\/www.linkedin.com\/company\/exhibit-group_2\/\" target=\"_blank\">\n\t\t\t\t\t\t<span class=\"elementor-screen-only\"><\/span>\n\t\t\t\t\t\t<svg xmlns=\"http:\/\/www.w3.org\/2000\/svg\" id=\"Calque_1\" viewbox=\"0 0 29 28\"><defs><style>      .st0 {        fill: #fff;      }      .st1 {        fill: #1f1c1a;      }    <\/style><\/defs><path class=\"st1\" d=\"M14.4,28c7.9,0,14.4-6.3,14.4-14S22.3,0,14.4,0,0,6.3,0,14s6.4,14,14.4,14Z\"><\/path><path class=\"st0\" d=\"M8.6,10.7h2.5v7.7h-2.5v-7.7ZM9.8,6.9c.8,0,1.4.6,1.4,1.4s-.6,1.4-1.4,1.4-1.4-.6-1.4-1.4.6-1.4,1.4-1.4Z\"><\/path><path class=\"st0\" d=\"M12.6,10.7h2.4v1.1h0c.3-.6,1.1-1.2,2.3-1.2,2.5,0,3,1.6,3,3.7v4.2h-2.5v-3.8c0-.9,0-2.1-1.3-2.1s-1.5,1-1.5,2v3.8h-2.5v-7.7h0Z\"><\/path><\/svg>\t\t\t\t\t<\/a>\n\t\t\t\t<\/span>\n\t\t\t\t\t\t\t<span class=\"elementor-grid-item\" role=\"listitem\">\n\t\t\t\t\t<a class=\"elementor-icon elementor-social-icon elementor-social-icon- elementor-repeater-item-ff64505\" href=\"https:\/\/www.instagram.com\/exhibitgroup\/\" target=\"_blank\">\n\t\t\t\t\t\t<span class=\"elementor-screen-only\"><\/span>\n\t\t\t\t\t\t<svg xmlns=\"http:\/\/www.w3.org\/2000\/svg\" id=\"Calque_1\" viewbox=\"0 0 30 28\"><defs><style>      .st0 {        fill: #fff;      }      .st1 {        fill: #1f1c1a;      }    <\/style><\/defs><path class=\"st1\" d=\"M15,28c7.9,0,14.4-6.3,14.4-14S22.9,0,15,0,.6,6.3.6,14s6.4,14,14.4,14Z\"><\/path><path class=\"st0\" d=\"M19,9.4c-.5,0-.9.4-.9.8,0,.5.4.9.9.9.5,0,.9-.4.9-.8,0-.5-.4-.9-.9-.9Z\"><\/path><path class=\"st0\" d=\"M15.1,10.4c-2,0-3.7,1.6-3.7,3.6,0,2,1.6,3.6,3.6,3.6,2,0,3.7-1.6,3.7-3.6,0-2-1.6-3.6-3.6-3.6ZM15,16.3c-1.3,0-2.3-1.1-2.3-2.3,0-1.3,1.1-2.3,2.4-2.3s2.3,1.1,2.3,2.3c0,1.3-1.1,2.3-2.4,2.3Z\"><\/path><path class=\"st0\" d=\"M17.9,21.3h-6c-2.5,0-4.5-2.1-4.4-4.5v-5.8c0-2.4,2.1-4.4,4.6-4.3h6c2.5,0,4.5,2.1,4.4,4.5v5.8c0,2.4-2.1,4.4-4.6,4.3h0ZM12.1,8.1c-1.7,0-3.1,1.3-3.1,3v5.8c0,1.7,1.3,3,3,3h6c1.7,0,3.1-1.3,3.1-2.9v-5.8c0-1.7-1.3-3-3-3h-6Z\"><\/path><\/svg>\t\t\t\t\t<\/a>\n\t\t\t\t<\/span>\n\t\t\t\t\t\t\t<span class=\"elementor-grid-item\" role=\"listitem\">\n\t\t\t\t\t<a class=\"elementor-icon elementor-social-icon elementor-social-icon- elementor-repeater-item-f83be1f\" href=\"https:\/\/www.facebook.com\/\" target=\"_blank\">\n\t\t\t\t\t\t<span class=\"elementor-screen-only\"><\/span>\n\t\t\t\t\t\t<svg xmlns=\"http:\/\/www.w3.org\/2000\/svg\" id=\"Calque_1\" viewbox=\"0 0 29 28\"><defs><style>      .st0 {        fill: #fff;      }      .st1 {        fill: #1f1c1a;      }    <\/style><\/defs><path class=\"st1\" d=\"M14.6,28c7.9,0,14.4-6.3,14.4-14S22.6,0,14.6,0,.3,6.3.3,14s6.4,14,14.4,14Z\"><\/path><path class=\"st0\" d=\"M15.3,21.5v-6.6h2.3l.4-2.7h-2.7v-1.8c0-.7.4-1.5,1.6-1.5h1.2v-2.3s-1.1-.2-2.2-.2c-2.2,0-3.7,1.3-3.7,3.7v2.1h-2.5v2.7h2.5v6.6h3Z\"><\/path><\/svg>\t\t\t\t\t<\/a>\n\t\t\t\t<\/span>\n\t\t\t\t\t<\/div>\n\t\t\t\t\t\t<\/div>\n\t\t\t\t<\/div>\n\t\t\t\t<\/div>\n\t\t\t\t<\/div>\n\t\t<div class=\"elementor-element elementor-element-eef4b6b e-con-full e-flex e-con e-child\" data-id=\"eef4b6b\" data-element_type=\"container\">\n\t\t\t\t<div class=\"elementor-element elementor-element-593d878 elementor-widget elementor-widget-heading\" data-id=\"593d878\" data-element_type=\"widget\" data-widget_type=\"heading.default\">\n\t\t\t\t<div class=\"elementor-widget-container\">\n\t\t\t\t\t<h2 class=\"elementor-heading-title elementor-size-default\">A project, a need?<\/h2>\t\t\t\t<\/div>\n\t\t\t\t<\/div>\n\t\t\t\t<div class=\"elementor-element elementor-element-5c5ae9d elementor-widget elementor-widget-text-editor\" data-id=\"5c5ae9d\" data-element_type=\"widget\" data-widget_type=\"text-editor.default\">\n\t\t\t\t<div class=\"elementor-widget-container\">\n\t\t\t\t\t\t\t\t\t<p>We look forward to hearing from you, and will get back to you very soon.<\/p>\t\t\t\t\t\t\t\t<\/div>\n\t\t\t\t<\/div>\n\t\t\t\t<div class=\"elementor-element elementor-element-173bf3d elementor-button-align-end contact-form elementor-mobile-button-align-start elementor-widget elementor-widget-form\" data-id=\"173bf3d\" data-element_type=\"widget\" data-settings=\"{&quot;step_next_label&quot;:&quot;Suivant&quot;,&quot;step_previous_label&quot;:&quot;Pr\\u00e9c\\u00e9dent&quot;,&quot;button_width&quot;:&quot;100&quot;,&quot;step_type&quot;:&quot;number_text&quot;,&quot;step_icon_shape&quot;:&quot;circle&quot;}\" data-widget_type=\"form.default\">\n\t\t\t\t<div class=\"elementor-widget-container\">\n\t\t\t\t\t\t\t<form class=\"elementor-form\" method=\"post\" name=\"Page Contact\" aria-label=\"Contact page\" action=\"\">\n\t\t\t<input type=\"hidden\" name=\"post_id\" value=\"120\"\/>\n\t\t\t<input type=\"hidden\" name=\"form_id\" value=\"173bf3d\"\/>\n\t\t\t<input type=\"hidden\" name=\"referer_title\" value=\"Nous contacter - Exhibit Group\" \/>\n\n\t\t\t\t\t\t\t<input type=\"hidden\" name=\"queried_id\" value=\"120\"\/>\n\t\t\t\n\t\t\t<div class=\"elementor-form-fields-wrapper elementor-labels-above\">\n\t\t\t\t\t\t\t\t<div class=\"elementor-field-type-text elementor-field-group elementor-column elementor-field-group-nom elementor-col-50 elementor-field-required elementor-mark-required\">\n\t\t\t\t\t\t\t\t\t\t\t\t<label for=\"form-field-nom\" class=\"elementor-field-label\">\n\t\t\t\t\t\t\t\tName\t\t\t\t\t\t\t<\/label>\n\t\t\t\t\t\t\t\t\t\t\t\t\t\t<input size=\"1\" type=\"text\" name=\"form_fields[nom]\" id=\"form-field-nom\" class=\"elementor-field elementor-size-sm  elementor-field-textual\" placeholder=\"Dupont\" required=\"required\">\n\t\t\t\t\t\t\t\t\t\t\t<\/div>\n\t\t\t\t\t\t\t\t<div class=\"elementor-field-type-text elementor-field-group elementor-column elementor-field-group-prenom elementor-col-50 elementor-field-required elementor-mark-required\">\n\t\t\t\t\t\t\t\t\t\t\t\t<label for=\"form-field-prenom\" class=\"elementor-field-label\">\n\t\t\t\t\t\t\t\tFirst name\t\t\t\t\t\t\t<\/label>\n\t\t\t\t\t\t\t\t\t\t\t\t\t\t<input size=\"1\" type=\"text\" name=\"form_fields[prenom]\" id=\"form-field-prenom\" class=\"elementor-field elementor-size-sm  elementor-field-textual\" placeholder=\"Jean\" required=\"required\">\n\t\t\t\t\t\t\t\t\t\t\t<\/div>\n\t\t\t\t\t\t\t\t<div class=\"elementor-field-type-text elementor-field-group elementor-column elementor-field-group-entreprise elementor-col-50\">\n\t\t\t\t\t\t\t\t\t\t\t\t<label for=\"form-field-entreprise\" class=\"elementor-field-label\">\n\t\t\t\t\t\t\t\tCompany name\t\t\t\t\t\t\t<\/label>\n\t\t\t\t\t\t\t\t\t\t\t\t\t\t<input size=\"1\" type=\"text\" name=\"form_fields[entreprise]\" id=\"form-field-entreprise\" class=\"elementor-field elementor-size-sm  elementor-field-textual\" placeholder=\"Company\">\n\t\t\t\t\t\t\t\t\t\t\t<\/div>\n\t\t\t\t\t\t\t\t<div class=\"elementor-field-type-email elementor-field-group elementor-column elementor-field-group-email elementor-col-50 elementor-field-required elementor-mark-required\">\n\t\t\t\t\t\t\t\t\t\t\t\t<label for=\"form-field-email\" class=\"elementor-field-label\">\n\t\t\t\t\t\t\t\tE-mail\t\t\t\t\t\t\t<\/label>\n\t\t\t\t\t\t\t\t\t\t\t\t\t\t<input size=\"1\" type=\"email\" name=\"form_fields[email]\" id=\"form-field-email\" class=\"elementor-field elementor-size-sm  elementor-field-textual\" placeholder=\"jeandupont@gmail.com\" required=\"required\">\n\t\t\t\t\t\t\t\t\t\t\t<\/div>\n\t\t\t\t\t\t\t\t<div class=\"elementor-field-type-tel elementor-field-group elementor-column elementor-field-group-phone elementor-col-50\">\n\t\t\t\t\t\t\t\t\t\t\t\t<label for=\"form-field-phone\" class=\"elementor-field-label\">\n\t\t\t\t\t\t\t\tPhone number\t\t\t\t\t\t\t<\/label>\n\t\t\t\t\t\t\t\t<input size=\"1\" type=\"tel\" name=\"form_fields[phone]\" id=\"form-field-phone\" class=\"elementor-field elementor-size-sm  elementor-field-textual\" placeholder=\"+33 123456789\" pattern=\"[0-9()#&amp;+*-=.]+\" title=\"Only numbers and phone characters (#, -, *, etc) are accepted.\" data-no-translation-title=\"\">\n\n\t\t\t\t\t\t<\/div>\n\t\t\t\t\t\t\t\t<div class=\"elementor-field-type-upload elementor-field-group elementor-column elementor-field-group-piecejointe elementor-col-50\">\n\t\t\t\t\t\t\t\t\t\t\t\t<label for=\"form-field-piecejointe\" class=\"elementor-field-label\">\n\t\t\t\t\t\t\t\tAttachments (Max. 10MB)\t\t\t\t\t\t\t<\/label>\n\t\t\t\t\t\t\t\t<input type=\"file\" name=\"form_fields[piecejointe][]\" id=\"form-field-piecejointe\" class=\"elementor-field elementor-size-sm  elementor-upload-field\" multiple=\"multiple\" data-maxsize=\"10\" data-maxsize-message=\"This file exceeds the maximum allowed size.\" data-no-translation-data-maxsize-message=\"\">\n\n\t\t\t\t\t\t<\/div>\n\t\t\t\t\t\t\t\t<div class=\"elementor-field-type-textarea elementor-field-group elementor-column elementor-field-group-message elementor-col-100 elementor-field-required elementor-mark-required\">\n\t\t\t\t\t\t\t\t\t\t\t\t<label for=\"form-field-message\" class=\"elementor-field-label\">\n\t\t\t\t\t\t\t\tYour message\t\t\t\t\t\t\t<\/label>\n\t\t\t\t\t\t<textarea class=\"elementor-field-textual elementor-field  elementor-size-sm\" name=\"form_fields[message]\" id=\"form-field-message\" rows=\"7\" placeholder=\"Write your message\" required=\"required\"><\/textarea>\t\t\t\t<\/div>\n\t\t\t\t\t\t\t\t<div class=\"elementor-field-type-acceptance elementor-field-group elementor-column elementor-field-group-field_09c05bb elementor-col-100 elementor-field-required elementor-mark-required\">\n\t\t\t\t\t\t\t<div class=\"elementor-field-subgroup\">\n\t\t\t<span class=\"elementor-field-option\">\n\t\t\t\t<input type=\"checkbox\" name=\"form_fields[field_09c05bb]\" id=\"form-field-field_09c05bb\" class=\"elementor-field elementor-size-sm  elementor-acceptance-field\" required=\"required\">\n\t\t\t\t<label for=\"form-field-field_09c05bb\">I have read and accept the privacy policy of this site. <a href=\"#\" style=\"color:#000000; text-decoration:underline\">See our legal disclaimer.<\/a><\/label>\t\t\t<\/span>\n\t\t<\/div>\n\t\t\t\t\t\t<\/div>\n\t\t\t\t\t\t\t\t<div class=\"elementor-field-type-acceptance elementor-field-group elementor-column elementor-field-group-datas elementor-col-100 elementor-field-required elementor-mark-required\">\n\t\t\t\t\t\t\t<div class=\"elementor-field-subgroup\">\n\t\t\t<span class=\"elementor-field-option\">\n\t\t\t\t<input type=\"checkbox\" name=\"form_fields[datas]\" id=\"form-field-datas\" class=\"elementor-field elementor-size-sm  elementor-acceptance-field\" required=\"required\">\n\t\t\t\t<label for=\"form-field-datas\">I authorise Exhibit Group to store my details in order to process my request.<\/label>\t\t\t<\/span>\n\t\t<\/div>\n\t\t\t\t\t\t<\/div>\n\t\t\t\t\t\t\t\t<div class=\"elementor-field-type-hidden elementor-field-group elementor-column elementor-field-group-objet_label elementor-col-100\">\n\t\t\t\t\t\t\t\t\t\t\t\t\t<input size=\"1\" type=\"hidden\" name=\"form_fields[objet_label]\" id=\"form-field-objet_label\" class=\"elementor-field elementor-size-sm  elementor-field-textual\" value=\"Demande\">\n\t\t\t\t\t\t\t\t\t\t\t<\/div>\n\t\t\t\t\t\t\t\t<div class=\"elementor-field-type-hidden elementor-field-group elementor-column elementor-field-group-newsletter_value elementor-col-100\">\n\t\t\t\t\t\t\t\t\t\t\t\t\t<input size=\"1\" type=\"hidden\" name=\"form_fields[newsletter_value]\" id=\"form-field-newsletter_value\" class=\"elementor-field elementor-size-sm  elementor-field-textual\">\n\t\t\t\t\t\t\t\t\t\t\t<\/div>\n\t\t\t\t\t\t\t\t<div class=\"elementor-field-type-text\">\n\t\t\t\t\t<input size=\"1\" type=\"text\" name=\"form_fields[field_e565ec6]\" id=\"form-field-field_e565ec6\" class=\"elementor-field elementor-size-sm\" style=\"display:none !important;\">\t\t\t\t<\/div>\n\t\t\t\t\t\t\t\t<div class=\"elementor-field-group elementor-column elementor-field-type-submit elementor-col-100 e-form__buttons\">\n\t\t\t\t\t<button class=\"elementor-button elementor-size-sm\" type=\"submit\">\n\t\t\t\t\t\t<span class=\"elementor-button-content-wrapper\">\n\t\t\t\t\t\t\t\t\t\t\t\t\t\t\t\t\t\t\t\t\t\t<span class=\"elementor-button-text\">Send<\/span>\n\t\t\t\t\t\t\t\t\t\t\t\t\t<\/span>\n\t\t\t\t\t<\/button>\n\t\t\t\t<\/div>\n\t\t\t<\/div>\n\t\t<input type=\"hidden\" name=\"trp-form-language\" value=\"en\"\/><\/form>\n\t\t\t\t\t\t<\/div>\n\t\t\t\t<\/div>\n\t\t\t\t<div class=\"elementor-element elementor-element-28d50b8 elementor-widget elementor-widget-text-editor\" data-id=\"28d50b8\" data-element_type=\"widget\" data-widget_type=\"text-editor.default\">\n\t\t\t\t<div class=\"elementor-widget-container\">\n\t\t\t\t\t\t\t\t\t<p><em>This information will be processed by Exhibit Group for the purpose of replying to and following up your request, and will be kept for the time necessary to respond to it. In accordance with the French Data Protection Act, you have the right to access and rectify your personal data, to have it ported, to have it deleted or to restrict its processing. Contact us at contact@exhibitgroup.com for any requests concerning your data.<\/em><\/p>\t\t\t\t\t\t\t\t<\/div>\n\t\t\t\t<\/div>\n\t\t\t\t<\/div>\n\t\t\t\t<\/div>\n\t\t\t\t\t<\/div>\n\t\t\t\t<\/div>\n\t\t\t\t<\/div>","protected":false},"excerpt":{"rendered":"<p>Let&rsquo;s talk Contactez-nous ! 66 rue de Saint-Denis93400 Sant-OuenFrance lionel.riley@exhibitgroup.fr Un projet, un besoin ? Nous sommes \u00e0 votre \u00e9coute, et reviendrons tr\u00e8s vite vers vous. Ces informations font l\u2019objet d\u2019un traitement informatis\u00e9 par Exhibit Group destin\u00e9 \u00e0 r\u00e9pondre et assurer le suivi de votre demande, et seront conserv\u00e9es durant le temps n\u00e9cessaire pour y [&hellip;]<\/p>","protected":false},"author":1,"featured_media":0,"parent":0,"menu_order":5,"comment_status":"closed","ping_status":"closed","template":"","meta":{"_acf_changed":false,"footnotes":""},"class_list":["post-120","page","type-page","status-publish","hentry"],"acf":[],"yoast_head":"<!-- This site is optimized with the Yoast SEO plugin v26.5 - https:\/\/yoast.com\/wordpress\/plugins\/seo\/ -->\n<title>Nous contacter - Exhibit Group<\/title>\n<meta name=\"description\" content=\"Un brief, une question, une id\u00e9e \u00e0 concr\u00e9tiser ? Nos \u00e9quipes sont l\u00e0 pour vous r\u00e9pondre et imaginer ensemble la prochaine \u00e9tape de votre marque.\" \/>\n<meta name=\"robots\" content=\"noindex, follow, max-snippet:-1, max-image-preview:large, max-video-preview:-1\" \/>\n<meta property=\"og:locale\" content=\"en_GB\" \/>\n<meta property=\"og:type\" content=\"article\" \/>\n<meta property=\"og:title\" content=\"Nous contacter - Exhibit Group\" \/>\n<meta property=\"og:description\" content=\"Un brief, une question, une id\u00e9e \u00e0 concr\u00e9tiser ? Nos \u00e9quipes sont l\u00e0 pour vous r\u00e9pondre et imaginer ensemble la prochaine \u00e9tape de votre marque.\" \/>\n<meta property=\"og:url\" content=\"https:\/\/edgi.studio\/en\/contact-us\/\" \/>\n<meta property=\"og:site_name\" content=\"edgi\" \/>\n<meta property=\"article:publisher\" content=\"https:\/\/www.facebook.com\/ExhibitGroup.fr\/\" \/>\n<meta property=\"article:modified_time\" content=\"2025-10-23T13:40:57+00:00\" \/>\n<meta name=\"twitter:card\" content=\"summary_large_image\" \/>\n<meta name=\"twitter:label1\" content=\"Estimated reading time\" \/>\n\t<meta name=\"twitter:data1\" content=\"1 minute\" \/>\n<script type=\"application\/ld+json\" class=\"yoast-schema-graph\">{\"@context\":\"https:\/\/schema.org\",\"@graph\":[{\"@type\":\"WebPage\",\"@id\":\"https:\/\/edgi.studio\/nous-contacter\/\",\"url\":\"https:\/\/edgi.studio\/nous-contacter\/\",\"name\":\"Nous contacter - Exhibit Group\",\"isPartOf\":{\"@id\":\"https:\/\/edgi.studio\/#website\"},\"datePublished\":\"2025-04-09T19:58:09+00:00\",\"dateModified\":\"2025-10-23T13:40:57+00:00\",\"description\":\"Un brief, une question, une id\u00e9e \u00e0 concr\u00e9tiser ? Nos \u00e9quipes sont l\u00e0 pour vous r\u00e9pondre et imaginer ensemble la prochaine \u00e9tape de votre marque.\",\"breadcrumb\":{\"@id\":\"https:\/\/edgi.studio\/nous-contacter\/#breadcrumb\"},\"inLanguage\":\"en-GB\",\"potentialAction\":[{\"@type\":\"ReadAction\",\"target\":[\"https:\/\/edgi.studio\/nous-contacter\/\"]}]},{\"@type\":\"BreadcrumbList\",\"@id\":\"https:\/\/edgi.studio\/nous-contacter\/#breadcrumb\",\"itemListElement\":[{\"@type\":\"ListItem\",\"position\":1,\"name\":\"Home\",\"item\":\"https:\/\/edgi.studio\/\"},{\"@type\":\"ListItem\",\"position\":2,\"name\":\"Nous contacter\"}]},{\"@type\":\"WebSite\",\"@id\":\"https:\/\/edgi.studio\/#website\",\"url\":\"https:\/\/edgi.studio\/\",\"name\":\"EG Print\",\"description\":\"\",\"publisher\":{\"@id\":\"https:\/\/edgi.studio\/#organization\"},\"potentialAction\":[{\"@type\":\"SearchAction\",\"target\":{\"@type\":\"EntryPoint\",\"urlTemplate\":\"https:\/\/edgi.studio\/?s={search_term_string}\"},\"query-input\":{\"@type\":\"PropertyValueSpecification\",\"valueRequired\":true,\"valueName\":\"search_term_string\"}}],\"inLanguage\":\"en-GB\"},{\"@type\":\"Organization\",\"@id\":\"https:\/\/edgi.studio\/#organization\",\"name\":\"Exhibit Group\",\"url\":\"https:\/\/edgi.studio\/\",\"logo\":{\"@type\":\"ImageObject\",\"inLanguage\":\"en-GB\",\"@id\":\"https:\/\/edgi.studio\/#\/schema\/logo\/image\/\",\"url\":\"https:\/\/edgi.studio\/wp-content\/uploads\/EXHIBIT_GROUP_LOGOTYPE_RVB-scaled.jpg\",\"contentUrl\":\"https:\/\/edgi.studio\/wp-content\/uploads\/EXHIBIT_GROUP_LOGOTYPE_RVB-scaled.jpg\",\"width\":2560,\"height\":728,\"caption\":\"Exhibit Group\"},\"image\":{\"@id\":\"https:\/\/edgi.studio\/#\/schema\/logo\/image\/\"},\"sameAs\":[\"https:\/\/www.facebook.com\/ExhibitGroup.fr\/\",\"https:\/\/www.instagram.com\/exhibitgroup\/\",\"https:\/\/fr.linkedin.com\/company\/exhibit-group_2\"]}]}<\/script>\n<!-- \/ Yoast SEO plugin. -->","yoast_head_json":{"title":"Contact us - Exhibit Group","description":"Do you have a brief, a question or an idea you'd like to put into practice? Our teams are here to help you imagine the next stage of your brand together.","robots":{"index":"noindex","follow":"follow","max-snippet":"max-snippet:-1","max-image-preview":"max-image-preview:large","max-video-preview":"max-video-preview:-1"},"og_locale":"en_GB","og_type":"article","og_title":"Nous contacter - Exhibit Group","og_description":"Un brief, une question, une id\u00e9e \u00e0 concr\u00e9tiser ? Nos \u00e9quipes sont l\u00e0 pour vous r\u00e9pondre et imaginer ensemble la prochaine \u00e9tape de votre marque.","og_url":"https:\/\/edgi.studio\/en\/contact-us\/","og_site_name":"edgi","article_publisher":"https:\/\/www.facebook.com\/ExhibitGroup.fr\/","article_modified_time":"2025-10-23T13:40:57+00:00","twitter_card":"summary_large_image","twitter_misc":{"Estimated reading time":"1 minute"},"schema":{"@context":"https:\/\/schema.org","@graph":[{"@type":"WebPage","@id":"https:\/\/edgi.studio\/nous-contacter\/","url":"https:\/\/edgi.studio\/nous-contacter\/","name":"Contact us - Exhibit Group","isPartOf":{"@id":"https:\/\/edgi.studio\/#website"},"datePublished":"2025-04-09T19:58:09+00:00","dateModified":"2025-10-23T13:40:57+00:00","description":"Do you have a brief, a question or an idea you'd like to put into practice? Our teams are here to help you imagine the next stage of your brand together.","breadcrumb":{"@id":"https:\/\/edgi.studio\/nous-contacter\/#breadcrumb"},"inLanguage":"en-GB","potentialAction":[{"@type":"ReadAction","target":["https:\/\/edgi.studio\/nous-contacter\/"]}]},{"@type":"BreadcrumbList","@id":"https:\/\/edgi.studio\/nous-contacter\/#breadcrumb","itemListElement":[{"@type":"ListItem","position":1,"name":"Home","item":"https:\/\/edgi.studio\/"},{"@type":"ListItem","position":2,"name":"Nous contacter"}]},{"@type":"WebSite","@id":"https:\/\/edgi.studio\/#website","url":"https:\/\/edgi.studio\/","name":"EG Print","description":"","publisher":{"@id":"https:\/\/edgi.studio\/#organization"},"potentialAction":[{"@type":"SearchAction","target":{"@type":"EntryPoint","urlTemplate":"https:\/\/edgi.studio\/?s={search_term_string}"},"query-input":{"@type":"PropertyValueSpecification","valueRequired":true,"valueName":"search_term_string"}}],"inLanguage":"en-GB"},{"@type":"Organization","@id":"https:\/\/edgi.studio\/#organization","name":"Exhibit Group","url":"https:\/\/edgi.studio\/","logo":{"@type":"ImageObject","inLanguage":"en-GB","@id":"https:\/\/edgi.studio\/#\/schema\/logo\/image\/","url":"https:\/\/edgi.studio\/wp-content\/uploads\/EXHIBIT_GROUP_LOGOTYPE_RVB-scaled.jpg","contentUrl":"https:\/\/edgi.studio\/wp-content\/uploads\/EXHIBIT_GROUP_LOGOTYPE_RVB-scaled.jpg","width":2560,"height":728,"caption":"Exhibit Group"},"image":{"@id":"https:\/\/edgi.studio\/#\/schema\/logo\/image\/"},"sameAs":["https:\/\/www.facebook.com\/ExhibitGroup.fr\/","https:\/\/www.instagram.com\/exhibitgroup\/","https:\/\/fr.linkedin.com\/company\/exhibit-group_2"]}]}},"_links":{"self":[{"href":"https:\/\/edgi.studio\/en\/wp-json\/wp\/v2\/pages\/120","targetHints":{"allow":["GET"]}}],"collection":[{"href":"https:\/\/edgi.studio\/en\/wp-json\/wp\/v2\/pages"}],"about":[{"href":"https:\/\/edgi.studio\/en\/wp-json\/wp\/v2\/types\/page"}],"author":[{"embeddable":true,"href":"https:\/\/edgi.studio\/en\/wp-json\/wp\/v2\/users\/1"}],"replies":[{"embeddable":true,"href":"https:\/\/edgi.studio\/en\/wp-json\/wp\/v2\/comments?post=120"}],"version-history":[{"count":0,"href":"https:\/\/edgi.studio\/en\/wp-json\/wp\/v2\/pages\/120\/revisions"}],"wp:attachment":[{"href":"https:\/\/edgi.studio\/en\/wp-json\/wp\/v2\/media?parent=120"}],"curies":[{"name":"wp","href":"https:\/\/api.w.org\/{rel}","templated":true}]}}